{"id":1278,"date":"2026-03-02T23:23:48","date_gmt":"2026-03-03T02:23:48","guid":{"rendered":"https:\/\/projetos.stratlab.com.br\/els\/?page_id=1278"},"modified":"2026-04-13T19:01:40","modified_gmt":"2026-04-13T22:01:40","slug":"noticias-da-industria-farmaceutica","status":"publish","type":"page","link":"https:\/\/projetos.stratlab.com.br\/els\/noticias-da-industria-farmaceutica\/","title":{"rendered":"Not\u00edcias"},"content":{"rendered":"\t\t<div data-elementor-type=\"wp-page\" data-elementor-id=\"1278\" class=\"elementor elementor-1278\" data-elementor-post-type=\"page\">\n\t\t\t\t<div class=\"elementor-element elementor-element-675ba69 e-flex e-con-boxed e-con e-parent\" data-id=\"675ba69\" data-element_type=\"container\" data-e-type=\"container\" data-settings=\"{&quot;background_background&quot;:&quot;classic&quot;}\">\n\t\t\t\t\t<div class=\"e-con-inner\">\n\t\t<div class=\"elementor-element elementor-element-fa9f059 e-con-full e-flex e-con e-child\" data-id=\"fa9f059\" data-element_type=\"container\" data-e-type=\"container\">\n\t\t\t\t<div class=\"elementor-element elementor-element-3fdfde7 elementor-widget__width-inherit elementor-widget elementor-widget-heading\" data-id=\"3fdfde7\" data-element_type=\"widget\" data-e-type=\"widget\" data-widget_type=\"heading.default\">\n\t\t\t\t\t<h1 class=\"elementor-heading-title elementor-size-default\">Not\u00edcias da Ind\u00fastria Farmac\u00eautica<\/h1>\t\t\t\t<\/div>\n\t\t\t\t<div class=\"elementor-element elementor-element-f5d84f8 elementor-widget__width-inherit elementor-widget-tablet__width-inherit elementor-widget elementor-widget-heading\" data-id=\"f5d84f8\" data-element_type=\"widget\" data-e-type=\"widget\" data-widget_type=\"heading.default\">\n\t\t\t\t\t<div class=\"elementor-heading-title elementor-size-default\">An\u00e1lises sobre regula\u00e7\u00e3o, qualidade, inova\u00e7\u00e3o, mercado e tend\u00eancias na Europa e Am\u00e9rica Latina.\n<\/div>\t\t\t\t<\/div>\n\t\t\t\t<\/div>\n\t\t\t\t\t<\/div>\n\t\t\t\t<\/div>\n\t\t<div class=\"elementor-element elementor-element-0c02da4 e-flex e-con-boxed e-con e-parent\" data-id=\"0c02da4\" data-element_type=\"container\" data-e-type=\"container\" data-settings=\"{&quot;background_background&quot;:&quot;classic&quot;}\">\n\t\t\t\t\t<div class=\"e-con-inner\">\n\t\t<div class=\"elementor-element elementor-element-aacf1d9 e-con-full e-flex e-con e-child\" data-id=\"aacf1d9\" data-element_type=\"container\" data-e-type=\"container\">\n\t\t\t\t<\/div>\n\t\t<div class=\"elementor-element elementor-element-b23fc2f e-con-full e-flex e-con e-child\" data-id=\"b23fc2f\" data-element_type=\"container\" data-e-type=\"container\">\n\t\t<div class=\"elementor-element elementor-element-a634b74 e-con-full e-flex e-con e-child\" data-id=\"a634b74\" data-element_type=\"container\" data-e-type=\"container\" data-settings=\"{&quot;background_background&quot;:&quot;classic&quot;,&quot;sticky&quot;:&quot;top&quot;,&quot;sticky_on&quot;:[&quot;desktop&quot;,&quot;laptop&quot;],&quot;sticky_offset&quot;:40,&quot;sticky_parent&quot;:&quot;yes&quot;,&quot;sticky_effects_offset&quot;:0,&quot;sticky_anchor_link_offset&quot;:0}\">\n\t\t\t\t<div class=\"elementor-element elementor-element-6ba443e elementor-widget__width-inherit elementor-widget elementor-widget-heading\" data-id=\"6ba443e\" data-element_type=\"widget\" data-e-type=\"widget\" data-widget_type=\"heading.default\">\n\t\t\t\t\t<h2 class=\"elementor-heading-title elementor-size-default\">Consultoria estrat\u00e9gica para a ind\u00fastria farmac\u00eautica, sa\u00fade, food e medtech<\/h2>\t\t\t\t<\/div>\n\t\t\t\t<div class=\"elementor-element elementor-element-7189602 elementor-widget__width-inherit elementor-widget elementor-widget-text-editor\" data-id=\"7189602\" data-element_type=\"widget\" data-e-type=\"widget\" data-widget_type=\"text-editor.default\">\n\t\t\t\t\t\t\t\t\t<p>Conte com especialistas para apoiar suas decis\u00f5es regulat\u00f3rias e acelerar o crescimento dos seus produtos com seguran\u00e7a e efici\u00eancia.<\/p>\t\t\t\t\t\t\t\t<\/div>\n\t\t\t\t<div class=\"elementor-element elementor-element-3123b16 elementor-align-center elementor-widget__width-inherit elementor-widget elementor-widget-button\" data-id=\"3123b16\" data-element_type=\"widget\" data-e-type=\"widget\" data-widget_type=\"button.default\">\n\t\t\t\t\t\t\t\t\t\t<a class=\"elementor-button elementor-button-link elementor-size-sm\" href=\"https:\/\/api.whatsapp.com\/send\/?phone=5511992792618&#038;text&#038;type=phone_number&#038;app_absent=0\" target=\"_blank\" rel=\"noopener\">\n\t\t\t\t\t\t<span class=\"elementor-button-content-wrapper\">\n\t\t\t\t\t\t\t\t\t<span class=\"elementor-button-text\">Quero falar com um Especialista<\/span>\n\t\t\t\t\t<\/span>\n\t\t\t\t\t<\/a>\n\t\t\t\t\t\t\t\t<\/div>\n\t\t\t\t<\/div>\n\t\t\t\t<\/div>\n\t\t\t\t\t<\/div>\n\t\t\t\t<\/div>\n\t\t<div class=\"elementor-element elementor-element-68b8f9e e-flex e-con-boxed e-con e-parent\" data-id=\"68b8f9e\" data-element_type=\"container\" data-e-type=\"container\" data-settings=\"{&quot;background_background&quot;:&quot;classic&quot;}\">\n\t\t\t\t\t<div class=\"e-con-inner\">\n\t\t\t\t<div class=\"elementor-element elementor-element-4976299 elementor-widget__width-initial elementor-widget-tablet__width-inherit elementor-widget elementor-widget-heading\" data-id=\"4976299\" data-element_type=\"widget\" data-e-type=\"widget\" data-widget_type=\"heading.default\">\n\t\t\t\t\t<h2 class=\"elementor-heading-title elementor-size-default\">Consultoria estrat\u00e9gica para a ind\u00fastria farmac\u00eautica, sa\u00fade, food e medtech<\/h2>\t\t\t\t<\/div>\n\t\t\t\t<div class=\"elementor-element elementor-element-3e5637a elementor-widget__width-initial elementor-widget-tablet__width-inherit elementor-widget elementor-widget-text-editor\" data-id=\"3e5637a\" data-element_type=\"widget\" data-e-type=\"widget\" data-widget_type=\"text-editor.default\">\n\t\t\t\t\t\t\t\t\t<p>Especialistas em consultoria farmac\u00eautica, estrat\u00e9gia regulat\u00f3ria e acesso a mercados para apoiar sua empresa com seguran\u00e7a, conformidade e efici\u00eancia. Fale com um consultor.<\/p>\t\t\t\t\t\t\t\t<\/div>\n\t\t\t\t<div class=\"elementor-element elementor-element-0b4b4e2 elementor-align-center elementor-widget__width-inherit elementor-widget elementor-widget-button\" data-id=\"0b4b4e2\" data-element_type=\"widget\" data-e-type=\"widget\" data-widget_type=\"button.default\">\n\t\t\t\t\t\t\t\t\t\t<a class=\"elementor-button elementor-button-link elementor-size-sm\" href=\"https:\/\/api.whatsapp.com\/send\/?phone=5511992792618&#038;text&#038;type=phone_number&#038;app_absent=0\" target=\"_blank\" rel=\"noopener\">\n\t\t\t\t\t\t<span class=\"elementor-button-content-wrapper\">\n\t\t\t\t\t\t\t\t\t<span class=\"elementor-button-text\">Quero falar com um Especialista<\/span>\n\t\t\t\t\t<\/span>\n\t\t\t\t\t<\/a>\n\t\t\t\t\t\t\t\t<\/div>\n\t\t\t\t\t<\/div>\n\t\t\t\t<\/div>\n\t\t\t\t<\/div>\n\t\t","protected":false},"excerpt":{"rendered":"<p>Not\u00edcias da Ind\u00fastria Farmac\u00eautica An\u00e1lises sobre regula\u00e7\u00e3o, qualidade, inova\u00e7\u00e3o, mercado e tend\u00eancias na Europa e Am\u00e9rica Latina. Consultoria estrat\u00e9gica para a ind\u00fastria farmac\u00eautica, sa\u00fade, food e medtech Conte com especialistas para apoiar suas decis\u00f5es regulat\u00f3rias e acelerar o crescimento dos seus produtos com seguran\u00e7a e efici\u00eancia. Quero falar com um Especialista Consultoria estrat\u00e9gica para a [&hellip;]<\/p>\n","protected":false},"author":1,"featured_media":0,"parent":0,"menu_order":0,"comment_status":"closed","ping_status":"closed","template":"","meta":{"_joinchat":[],"footnotes":""},"class_list":["post-1278","page","type-page","status-publish","hentry"],"_links":{"self":[{"href":"https:\/\/projetos.stratlab.com.br\/els\/wp-json\/wp\/v2\/pages\/1278","targetHints":{"allow":["GET"]}}],"collection":[{"href":"https:\/\/projetos.stratlab.com.br\/els\/wp-json\/wp\/v2\/pages"}],"about":[{"href":"https:\/\/projetos.stratlab.com.br\/els\/wp-json\/wp\/v2\/types\/page"}],"author":[{"embeddable":true,"href":"https:\/\/projetos.stratlab.com.br\/els\/wp-json\/wp\/v2\/users\/1"}],"replies":[{"embeddable":true,"href":"https:\/\/projetos.stratlab.com.br\/els\/wp-json\/wp\/v2\/comments?post=1278"}],"version-history":[{"count":68,"href":"https:\/\/projetos.stratlab.com.br\/els\/wp-json\/wp\/v2\/pages\/1278\/revisions"}],"predecessor-version":[{"id":2434,"href":"https:\/\/projetos.stratlab.com.br\/els\/wp-json\/wp\/v2\/pages\/1278\/revisions\/2434"}],"wp:attachment":[{"href":"https:\/\/projetos.stratlab.com.br\/els\/wp-json\/wp\/v2\/media?parent=1278"}],"curies":[{"name":"wp","href":"https:\/\/api.w.org\/{rel}","templated":true}]}}